{"id":7455,"date":"2024-09-19T14:52:52","date_gmt":"2024-09-19T14:52:52","guid":{"rendered":"https:\/\/kalateatre.com\/la-kala\/?page_id=7455"},"modified":"2025-07-30T13:14:06","modified_gmt":"2025-07-30T13:14:06","slug":"les-codinetes","status":"publish","type":"page","link":"https:\/\/kalateatre.com\/la-kala\/les-codinetes\/","title":{"rendered":"Les Codinetes"},"content":{"rendered":"\t\t<div data-elementor-type=\"wp-page\" data-elementor-id=\"7455\" class=\"elementor elementor-7455\">\n\t\t\t\t\t\t<section class=\"elementor-section elementor-top-section elementor-element elementor-element-25d09de elementor-section-boxed elementor-section-height-default elementor-section-height-default qodef-elementor-content-no\" data-id=\"25d09de\" data-element_type=\"section\">\n\t\t\t\t\t\t<div class=\"elementor-container elementor-column-gap-default\">\n\t\t\t\t\t<div class=\"elementor-column elementor-col-25 elementor-top-column elementor-element elementor-element-b0b9ce9\" data-id=\"b0b9ce9\" data-element_type=\"column\">\n\t\t\t<div class=\"elementor-widget-wrap\">\n\t\t\t\t\t\t\t<\/div>\n\t\t<\/div>\n\t\t\t\t<div class=\"elementor-column elementor-col-50 elementor-top-column elementor-element elementor-element-48213cd\" data-id=\"48213cd\" data-element_type=\"column\">\n\t\t\t<div class=\"elementor-widget-wrap elementor-element-populated\">\n\t\t\t\t\t\t<div class=\"elementor-element elementor-element-bb22e63 elementor-widget elementor-widget-heading\" data-id=\"bb22e63\" data-element_type=\"widget\" data-widget_type=\"heading.default\">\n\t\t\t\t<div class=\"elementor-widget-container\">\n\t\t\t\t\t<h2 class=\"elementor-heading-title elementor-size-default\">Formulari d'inscripci\u00f3 ESCOLA LES CODINETES<\/h2>\t\t\t\t<\/div>\n\t\t\t\t<\/div>\n\t\t\t\t\t<\/div>\n\t\t<\/div>\n\t\t\t\t<div class=\"elementor-column elementor-col-25 elementor-top-column elementor-element elementor-element-50ac31b\" data-id=\"50ac31b\" data-element_type=\"column\">\n\t\t\t<div class=\"elementor-widget-wrap\">\n\t\t\t\t\t\t\t<\/div>\n\t\t<\/div>\n\t\t\t\t\t<\/div>\n\t\t<\/section>\n\t\t\t\t<section class=\"elementor-section elementor-top-section elementor-element elementor-element-e4eb766 elementor-section-boxed elementor-section-height-default elementor-section-height-default qodef-elementor-content-no\" data-id=\"e4eb766\" data-element_type=\"section\">\n\t\t\t\t\t\t<div class=\"elementor-container elementor-column-gap-default\">\n\t\t\t\t\t<div class=\"elementor-column elementor-col-25 elementor-top-column elementor-element elementor-element-adaa145\" data-id=\"adaa145\" data-element_type=\"column\">\n\t\t\t<div class=\"elementor-widget-wrap\">\n\t\t\t\t\t\t\t<\/div>\n\t\t<\/div>\n\t\t\t\t<div class=\"elementor-column elementor-col-50 elementor-top-column elementor-element elementor-element-28987e0\" data-id=\"28987e0\" data-element_type=\"column\">\n\t\t\t<div class=\"elementor-widget-wrap elementor-element-populated\">\n\t\t\t\t\t\t<div class=\"elementor-element elementor-element-6b41339 elementor-widget elementor-widget-qi_addons_for_elementor_contact_form_7\" data-id=\"6b41339\" data-element_type=\"widget\" data-widget_type=\"qi_addons_for_elementor_contact_form_7.default\">\n\t\t\t\t<div class=\"elementor-widget-container\">\n\t\t\t\t\t<div class=\"qodef-shortcode qodef-m qodef-qi-contact-form-7\">\n\t\n<div class=\"wpcf7 no-js\" id=\"wpcf7-f7454-o1\" lang=\"ca\" dir=\"ltr\" data-wpcf7-id=\"7454\">\n<div class=\"screen-reader-response\"><p role=\"status\" aria-live=\"polite\" aria-atomic=\"true\"><\/p> <ul><\/ul><\/div>\n<form action=\"\/la-kala\/wp-json\/wp\/v2\/pages\/7455#wpcf7-f7454-o1\" method=\"post\" class=\"wpcf7-form init\" aria-label=\"Formulari de contacte\" novalidate=\"novalidate\" data-status=\"init\">\n<fieldset class=\"hidden-fields-container\"><input type=\"hidden\" name=\"_wpcf7\" value=\"7454\" \/><input type=\"hidden\" name=\"_wpcf7_version\" value=\"6.1\" \/><input type=\"hidden\" name=\"_wpcf7_locale\" value=\"ca\" \/><input type=\"hidden\" name=\"_wpcf7_unit_tag\" value=\"wpcf7-f7454-o1\" \/><input type=\"hidden\" name=\"_wpcf7_container_post\" value=\"0\" \/><input type=\"hidden\" name=\"_wpcf7_posted_data_hash\" value=\"\" \/>\n<\/fieldset>\n<b>Dades de l'alumne:<\/b><br \/>\n<span class=\"wpcf7-form-control-wrap\" data-name=\"text-218\"><input size=\"40\" maxlength=\"400\" class=\"wpcf7-form-control wpcf7-text wpcf7-validates-as-required\" aria-required=\"true\" aria-invalid=\"false\" placeholder=\"Nom i cognoms\" value=\"\" type=\"text\" name=\"text-218\" \/><\/span>\n<span class=\"wpcf7-form-control-wrap\" data-name=\"text-219\"><input size=\"40\" maxlength=\"400\" class=\"wpcf7-form-control wpcf7-text wpcf7-validates-as-required\" aria-required=\"true\" aria-invalid=\"false\" placeholder=\"Any de naixement\" value=\"\" type=\"text\" name=\"text-219\" \/><\/span>\n<span class=\"wpcf7-form-control-wrap\" data-name=\"text-220\"><input size=\"40\" maxlength=\"400\" class=\"wpcf7-form-control wpcf7-text\" aria-invalid=\"false\" placeholder=\"DNI\/NIE (opcional)\" value=\"\" type=\"text\" name=\"text-220\" \/><\/span>\n<span class=\"wpcf7-form-control-wrap\" data-name=\"text-234\"><input size=\"40\" maxlength=\"400\" class=\"wpcf7-form-control wpcf7-text wpcf7-validates-as-required\" aria-required=\"true\" aria-invalid=\"false\" placeholder=\"Domicili\" value=\"\" type=\"text\" name=\"text-234\" \/><\/span>\n<span class=\"wpcf7-form-control-wrap\" data-name=\"text-235\"><input size=\"40\" maxlength=\"400\" class=\"wpcf7-form-control wpcf7-text\" aria-invalid=\"false\" placeholder=\"Poblaci\u00f3\" value=\"\" type=\"text\" name=\"text-235\" \/><\/span>\n<span class=\"wpcf7-form-control-wrap\" data-name=\"text-236\"><input size=\"40\" maxlength=\"400\" class=\"wpcf7-form-control wpcf7-text wpcf7-validates-as-required\" aria-required=\"true\" aria-invalid=\"false\" placeholder=\"codi postal\" value=\"\" type=\"text\" name=\"text-236\" \/><\/span>\n\n<br \/>\n<br \/>\n<b>Dades del pare, mare o tutor\/a:<\/b><br \/>\n<span class=\"wpcf7-form-control-wrap\" data-name=\"text-222\"><input size=\"40\" maxlength=\"400\" class=\"wpcf7-form-control wpcf7-text wpcf7-validates-as-required\" aria-required=\"true\" aria-invalid=\"false\" placeholder=\"Nom i Cognoms\" value=\"\" type=\"text\" name=\"text-222\" \/><\/span>\n<span class=\"wpcf7-form-control-wrap\" data-name=\"text-220\"><input size=\"40\" maxlength=\"400\" class=\"wpcf7-form-control wpcf7-text wpcf7-validates-as-required\" aria-required=\"true\" aria-invalid=\"false\" placeholder=\"DNI\/NIE\" value=\"\" type=\"text\" name=\"text-220\" \/><\/span>\n<span class=\"wpcf7-form-control-wrap\" data-name=\"tel-805\"><input size=\"40\" maxlength=\"400\" class=\"wpcf7-form-control wpcf7-tel wpcf7-validates-as-required wpcf7-text wpcf7-validates-as-tel\" aria-required=\"true\" aria-invalid=\"false\" placeholder=\"Tel\u00e8fon\" value=\"\" type=\"tel\" name=\"tel-805\" \/><\/span>\n<span class=\"wpcf7-form-control-wrap\" data-name=\"your-email\"><input size=\"40\" maxlength=\"400\" class=\"wpcf7-form-control wpcf7-email wpcf7-validates-as-required wpcf7-text wpcf7-validates-as-email\" aria-required=\"true\" aria-invalid=\"false\" placeholder=\"Correu Electr\u00f2nic\" value=\"\" type=\"email\" name=\"your-email\" \/><\/span>\n<span class=\"wpcf7-form-control-wrap\" data-name=\"text-224\"><input size=\"40\" maxlength=\"400\" class=\"wpcf7-form-control wpcf7-text wpcf7-validates-as-required\" aria-required=\"true\" aria-invalid=\"false\" placeholder=\"Relaci\u00f3 amb l&#039;alumne (pare, mare, tutor\/a, etc.)\" value=\"\" type=\"text\" name=\"text-224\" \/><\/span><br \/>\n<br \/>\n<b>Curs i grup:<\/b><br \/>\n<span class=\"wpcf7-form-control-wrap\" data-name=\"text-225\"><input size=\"40\" maxlength=\"400\" class=\"wpcf7-form-control wpcf7-text wpcf7-validates-as-required\" aria-required=\"true\" aria-invalid=\"false\" placeholder=\"Curs\" value=\"\" type=\"text\" name=\"text-225\" \/><\/span><br \/>\nGrup:<br \/>\n<span class=\"wpcf7-form-control-wrap\" data-name=\"checkbox-226\"><span class=\"wpcf7-form-control wpcf7-checkbox\"><span class=\"wpcf7-list-item first last\"><label><span class=\"wpcf7-list-item-label\">Dijous migdia<\/span><input type=\"checkbox\" name=\"checkbox-226[]\" value=\"Dijous migdia\" \/><\/label><\/span><\/span><\/span>\n<br \/>\n<b>Informaci\u00f3:<\/b><br \/>\n<span class=\"wpcf7-form-control-wrap\" data-name=\"text-228\"><input size=\"40\" maxlength=\"400\" class=\"wpcf7-form-control wpcf7-text wpcf7-validates-as-required\" aria-required=\"true\" aria-invalid=\"false\" placeholder=\"Persona a contactar en cas d&#039;emerg\u00e8ncia (nom, tel\u00e8fon)\" value=\"\" type=\"text\" name=\"text-228\" \/><\/span><br \/>\n<br \/>\n<b>Coses a saber de l\u2019activitat:<\/b><br \/>\n<br \/>\n\u2022 Els pagaments seran mensuals i es faran abans de realitzar les classes del mes. \u00c9s a dir, a principis d\u2019octubre es far\u00e0 el primer pagament, corresponent al mes entrant i aix\u00ed fins al mes de maig (\u00faltim mes de l\u2019extraescolar) a no ser que es doni de baixa en algun moment del curs (import mensual: 33\u20ac).<br \/>\n<br \/>\n\u2022 Per Nadal, gravarem una petita mostra que us farem arribar per correu electr\u00f2nic a totes les fam\u00edlies i a finals de curs farem una mostra de teatre on us convidarem a venir. (al final del formulari, hi trobareu un perm\u00eds per a realitzar el v\u00eddeo de Nadal, que tamb\u00e9 heu de signar).<br \/>\n<br \/>\n\u2022 Les sessions es recuperaran \u00fanicament si la docent est\u00e0 malalta o t\u00e9 un imprevist. Sempre s\u2019intentar\u00e0 posar substituci\u00f3, sin\u00f3 es buscar\u00e0 la manera de recuperar la sessi\u00f3 o b\u00e9 tornar els diners. Si la sessi\u00f3 no es realitza per festa local o del mateix centre, no es recuperar\u00e0.<br \/>\n<br \/>\n\u2022 Tot i ser una extraescolar, que es realitza en horari lectiu, s\u00f3c partid\u00e0ria de que el contacte fam\u00edlies - Kala Teatre estigui sempre present, ja que considero que \u00e9s molt important. Aix\u00ed que sentiu-vos lliures de enviar-me un correu (info@kalateatre.com) sempre que tingueu algun dubte.<br \/>\n<br \/>\n<b>M\u00e8tode de pagament:<\/b><br \/><br \/>\n<span class=\"wpcf7-form-control-wrap\" data-name=\"text-229\"><input size=\"40\" maxlength=\"400\" class=\"wpcf7-form-control wpcf7-text wpcf7-validates-as-required\" aria-required=\"true\" aria-invalid=\"false\" placeholder=\"Nom del titular:\" value=\"\" type=\"text\" name=\"text-229\" \/><\/span>\n<span class=\"wpcf7-form-control-wrap\" data-name=\"text-230\"><input size=\"40\" maxlength=\"400\" class=\"wpcf7-form-control wpcf7-text\" aria-invalid=\"false\" placeholder=\"IBAN per Domiciliaci\u00f3  Banc\u00e0ria\" value=\"\" type=\"text\" name=\"text-230\" \/><\/span><br \/>\n<br \/>\n<b>PERM\u00cdS PER A REALITZAR LA GRAVACI\u00d3 DE NADAL<\/b><br \/>\n<br \/>\n<span class=\"wpcf7-form-control-wrap\" data-name=\"checkbox-231\"><span class=\"wpcf7-form-control wpcf7-checkbox\"><span class=\"wpcf7-list-item first last\"><label><span class=\"wpcf7-list-item-label\">Dono<\/span><input type=\"checkbox\" name=\"checkbox-231[]\" value=\"Dono\" \/><\/label><\/span><\/span><\/span>\n<span class=\"wpcf7-form-control-wrap\" data-name=\"checkbox-232\"><span class=\"wpcf7-form-control wpcf7-checkbox\"><span class=\"wpcf7-list-item first last\"><label><span class=\"wpcf7-list-item-label\">No dono<\/span><input type=\"checkbox\" name=\"checkbox-232[]\" value=\"No dono\" \/><\/label><\/span><\/span><\/span><br \/>\nEl meu consentiment per a que la professora gravi l\u2019escena de Nadal, juntament amb els companys\/es, per a enviar-la a les fam\u00edlies. (NO ES PENJA A XARXES SOCIALS)<br \/>\n<br \/>\n<button class=\"wpcf7-form-control wpcf7-submit qodef-button qodef-size--normal qodef-layout--filled qodef-html--link qodef-m\" type=\"submit\"><span class=\"qodef-m-text\"><svg xmlns=\"http:\/\/www.w3.org\/2000\/svg\" xmlns:xlink=\"http:\/\/www.w3.org\/1999\/xlink\" x=\"0px\" y=\"0px\" width=\"12px\" height=\"12px\" viewBox=\"0 0 12 12\" style=\"enable-background:new 0 0 12 12;\" xml:space=\"preserve\"><g><rect y=\"5\" width=\"12\" height=\"2\"\/><rect y=\"5\" transform=\"matrix(6.123234e-17 -1 1 6.123234e-17 0 12)\" width=\"12\" height=\"2\"\/><\/g><\/svg>Envia<\/span><\/button><div class=\"wpcf7-response-output\" aria-hidden=\"true\"><\/div>\n<\/form>\n<\/div>\n<\/div>\n\t\t\t\t<\/div>\n\t\t\t\t<\/div>\n\t\t\t\t\t<\/div>\n\t\t<\/div>\n\t\t\t\t<div class=\"elementor-column elementor-col-25 elementor-top-column elementor-element elementor-element-3fb6df3\" data-id=\"3fb6df3\" data-element_type=\"column\">\n\t\t\t<div class=\"elementor-widget-wrap\">\n\t\t\t\t\t\t\t<\/div>\n\t\t<\/div>\n\t\t\t\t\t<\/div>\n\t\t<\/section>\n\t\t\t\t<\/div>\n\t\t","protected":false},"excerpt":{"rendered":"<p>Formulari d&#8217;inscripci\u00f3 ESCOLA LES CODINETES Dades de l&#8217;alumne: Dades del pare, mare o tutor\/a: Curs i grup: Grup: Dijous de 12:30h a 13:30h (3r,4rt,5\u00e8,6\u00e8) Dijous de 13:30h a 14:30h (I4, I5,1r, 2n) Informaci\u00f3: Coses a saber de l\u2019activitat: \u2022 Els pagaments seran mensuals i es faran abans de realitzar les classes del mes. \u00c9s a [&hellip;]<\/p>\n","protected":false},"author":1,"featured_media":0,"parent":0,"menu_order":0,"comment_status":"closed","ping_status":"closed","template":"","meta":{"footnotes":""},"class_list":["post-7455","page","type-page","status-publish","hentry"],"_links":{"self":[{"href":"https:\/\/kalateatre.com\/la-kala\/wp-json\/wp\/v2\/pages\/7455","targetHints":{"allow":["GET"]}}],"collection":[{"href":"https:\/\/kalateatre.com\/la-kala\/wp-json\/wp\/v2\/pages"}],"about":[{"href":"https:\/\/kalateatre.com\/la-kala\/wp-json\/wp\/v2\/types\/page"}],"author":[{"embeddable":true,"href":"https:\/\/kalateatre.com\/la-kala\/wp-json\/wp\/v2\/users\/1"}],"replies":[{"embeddable":true,"href":"https:\/\/kalateatre.com\/la-kala\/wp-json\/wp\/v2\/comments?post=7455"}],"version-history":[{"count":9,"href":"https:\/\/kalateatre.com\/la-kala\/wp-json\/wp\/v2\/pages\/7455\/revisions"}],"predecessor-version":[{"id":7587,"href":"https:\/\/kalateatre.com\/la-kala\/wp-json\/wp\/v2\/pages\/7455\/revisions\/7587"}],"wp:attachment":[{"href":"https:\/\/kalateatre.com\/la-kala\/wp-json\/wp\/v2\/media?parent=7455"}],"curies":[{"name":"wp","href":"https:\/\/api.w.org\/{rel}","templated":true}]}}