{"id":7673,"date":"2026-05-08T11:43:54","date_gmt":"2026-05-08T11:43:54","guid":{"rendered":"https:\/\/kalateatre.com\/la-kala\/?page_id=7673"},"modified":"2026-05-08T12:35:47","modified_gmt":"2026-05-08T12:35:47","slug":"cicle-estiu-teatre-creatiu","status":"publish","type":"page","link":"https:\/\/kalateatre.com\/la-kala\/cicle-estiu-teatre-creatiu\/","title":{"rendered":"CICLE D\u2019ESTIU DE TEATRE CREATIU"},"content":{"rendered":"\t\t<div data-elementor-type=\"wp-page\" data-elementor-id=\"7673\" class=\"elementor elementor-7673\">\n\t\t\t\t\t\t<section class=\"elementor-section elementor-top-section elementor-element elementor-element-25d09de elementor-section-boxed elementor-section-height-default elementor-section-height-default qodef-elementor-content-no\" data-id=\"25d09de\" data-element_type=\"section\" data-e-type=\"section\">\n\t\t\t\t\t\t<div class=\"elementor-container elementor-column-gap-default\">\n\t\t\t\t\t<div class=\"elementor-column elementor-col-25 elementor-top-column elementor-element elementor-element-b0b9ce9\" data-id=\"b0b9ce9\" data-element_type=\"column\" data-e-type=\"column\">\n\t\t\t<div class=\"elementor-widget-wrap\">\n\t\t\t\t\t\t\t<\/div>\n\t\t<\/div>\n\t\t\t\t<div class=\"elementor-column elementor-col-50 elementor-top-column elementor-element elementor-element-48213cd\" data-id=\"48213cd\" data-element_type=\"column\" data-e-type=\"column\">\n\t\t\t<div class=\"elementor-widget-wrap elementor-element-populated\">\n\t\t\t\t\t\t<div class=\"elementor-element elementor-element-bb22e63 elementor-widget elementor-widget-heading\" data-id=\"bb22e63\" data-element_type=\"widget\" data-e-type=\"widget\" data-widget_type=\"heading.default\">\n\t\t\t\t<div class=\"elementor-widget-container\">\n\t\t\t\t\t<h2 class=\"elementor-heading-title elementor-size-default\">Formulari d'inscripci\u00f3 CICLE D\u2019ESTIU DE TEATRE CREATIU<\/h2>\t\t\t\t<\/div>\n\t\t\t\t<\/div>\n\t\t\t\t\t<\/div>\n\t\t<\/div>\n\t\t\t\t<div class=\"elementor-column elementor-col-25 elementor-top-column elementor-element elementor-element-50ac31b\" data-id=\"50ac31b\" data-element_type=\"column\" data-e-type=\"column\">\n\t\t\t<div class=\"elementor-widget-wrap\">\n\t\t\t\t\t\t\t<\/div>\n\t\t<\/div>\n\t\t\t\t\t<\/div>\n\t\t<\/section>\n\t\t\t\t<section class=\"elementor-section elementor-top-section elementor-element elementor-element-e4eb766 elementor-section-boxed elementor-section-height-default elementor-section-height-default qodef-elementor-content-no\" data-id=\"e4eb766\" data-element_type=\"section\" data-e-type=\"section\">\n\t\t\t\t\t\t<div class=\"elementor-container elementor-column-gap-default\">\n\t\t\t\t\t<div class=\"elementor-column elementor-col-25 elementor-top-column elementor-element elementor-element-adaa145\" data-id=\"adaa145\" data-element_type=\"column\" data-e-type=\"column\">\n\t\t\t<div class=\"elementor-widget-wrap\">\n\t\t\t\t\t\t\t<\/div>\n\t\t<\/div>\n\t\t\t\t<div class=\"elementor-column elementor-col-50 elementor-top-column elementor-element elementor-element-28987e0\" data-id=\"28987e0\" data-element_type=\"column\" data-e-type=\"column\">\n\t\t\t<div class=\"elementor-widget-wrap elementor-element-populated\">\n\t\t\t\t\t\t<div class=\"elementor-element elementor-element-6b41339 elementor-widget elementor-widget-qi_addons_for_elementor_contact_form_7\" data-id=\"6b41339\" data-element_type=\"widget\" data-e-type=\"widget\" data-widget_type=\"qi_addons_for_elementor_contact_form_7.default\">\n\t\t\t\t<div class=\"elementor-widget-container\">\n\t\t\t\t\t<div class=\"qodef-shortcode qodef-m qodef-qi-contact-form-7\">\n\t\n<div class=\"wpcf7 no-js\" id=\"wpcf7-f7672-o1\" lang=\"ca\" dir=\"ltr\" data-wpcf7-id=\"7672\">\n<div class=\"screen-reader-response\"><p role=\"status\" aria-live=\"polite\" aria-atomic=\"true\"><\/p> <ul><\/ul><\/div>\n<form action=\"\/la-kala\/wp-json\/wp\/v2\/pages\/7673#wpcf7-f7672-o1\" method=\"post\" class=\"wpcf7-form init\" aria-label=\"Formulari de contacte\" novalidate=\"novalidate\" data-status=\"init\">\n<fieldset class=\"hidden-fields-container\"><input type=\"hidden\" name=\"_wpcf7\" value=\"7672\" \/><input type=\"hidden\" name=\"_wpcf7_version\" value=\"6.1.5\" \/><input type=\"hidden\" name=\"_wpcf7_locale\" value=\"ca\" \/><input type=\"hidden\" name=\"_wpcf7_unit_tag\" value=\"wpcf7-f7672-o1\" \/><input type=\"hidden\" name=\"_wpcf7_container_post\" value=\"0\" \/><input type=\"hidden\" name=\"_wpcf7_posted_data_hash\" value=\"\" \/>\n<\/fieldset>\n<b>Dades de l'infant:<\/b><br \/>\n<span class=\"wpcf7-form-control-wrap\" data-name=\"text-218\"><input size=\"40\" maxlength=\"400\" class=\"wpcf7-form-control wpcf7-text wpcf7-validates-as-required\" aria-required=\"true\" aria-invalid=\"false\" placeholder=\"Nom i cognoms\" value=\"\" type=\"text\" name=\"text-218\" \/><\/span>\n<span class=\"wpcf7-form-control-wrap\" data-name=\"text-219\"><input size=\"40\" maxlength=\"400\" class=\"wpcf7-form-control wpcf7-text wpcf7-validates-as-required\" aria-required=\"true\" aria-invalid=\"false\" placeholder=\"Any de naixement\" value=\"\" type=\"text\" name=\"text-219\" \/><\/span>\n<span class=\"wpcf7-form-control-wrap\" data-name=\"text-220\"><input size=\"40\" maxlength=\"400\" class=\"wpcf7-form-control wpcf7-text\" aria-invalid=\"false\" placeholder=\"DNI\/NIE (opcional)\" value=\"\" type=\"text\" name=\"text-220\" \/><\/span>\n<span class=\"wpcf7-form-control-wrap\" data-name=\"text-234\"><input size=\"40\" maxlength=\"400\" class=\"wpcf7-form-control wpcf7-text wpcf7-validates-as-required\" aria-required=\"true\" aria-invalid=\"false\" placeholder=\"Domicili\" value=\"\" type=\"text\" name=\"text-234\" \/><\/span>\n<span class=\"wpcf7-form-control-wrap\" data-name=\"text-235\"><input size=\"40\" maxlength=\"400\" class=\"wpcf7-form-control wpcf7-text\" aria-invalid=\"false\" placeholder=\"Poblaci\u00f3\" value=\"\" type=\"text\" name=\"text-235\" \/><\/span>\n<span class=\"wpcf7-form-control-wrap\" data-name=\"text-236\"><input size=\"40\" maxlength=\"400\" class=\"wpcf7-form-control wpcf7-text wpcf7-validates-as-required\" aria-required=\"true\" aria-invalid=\"false\" placeholder=\"codi postal\" value=\"\" type=\"text\" name=\"text-236\" \/><\/span>\n<span class=\"wpcf7-form-control-wrap\" data-name=\"text-225\"><input size=\"40\" maxlength=\"400\" class=\"wpcf7-form-control wpcf7-text wpcf7-validates-as-required\" aria-required=\"true\" aria-invalid=\"false\" placeholder=\"Curs\" value=\"\" type=\"text\" name=\"text-225\" \/><\/span><\/b><br \/>\n<br \/>\n\n<br \/>\n<b>Dades del pare, mare o tutor\/a:<\/b><br \/>\n<span class=\"wpcf7-form-control-wrap\" data-name=\"text-222\"><input size=\"40\" maxlength=\"400\" class=\"wpcf7-form-control wpcf7-text wpcf7-validates-as-required\" aria-required=\"true\" aria-invalid=\"false\" placeholder=\"Nom i Cognoms\" value=\"\" type=\"text\" name=\"text-222\" \/><\/span>\n<span class=\"wpcf7-form-control-wrap\" data-name=\"text-220\"><input size=\"40\" maxlength=\"400\" class=\"wpcf7-form-control wpcf7-text wpcf7-validates-as-required\" aria-required=\"true\" aria-invalid=\"false\" placeholder=\"DNI\/NIE\" value=\"\" type=\"text\" name=\"text-220\" \/><\/span>\n<span class=\"wpcf7-form-control-wrap\" data-name=\"tel-805\"><input size=\"40\" maxlength=\"400\" class=\"wpcf7-form-control wpcf7-tel wpcf7-validates-as-required wpcf7-text wpcf7-validates-as-tel\" aria-required=\"true\" aria-invalid=\"false\" placeholder=\"Tel\u00e8fon\" value=\"\" type=\"tel\" name=\"tel-805\" \/><\/span>\n<span class=\"wpcf7-form-control-wrap\" data-name=\"your-email\"><input size=\"40\" maxlength=\"400\" class=\"wpcf7-form-control wpcf7-email wpcf7-validates-as-required wpcf7-text wpcf7-validates-as-email\" aria-required=\"true\" aria-invalid=\"false\" placeholder=\"Correu Electr\u00f2nic\" value=\"\" type=\"email\" name=\"your-email\" \/><\/span>\n<span class=\"wpcf7-form-control-wrap\" data-name=\"text-224\"><input size=\"40\" maxlength=\"400\" class=\"wpcf7-form-control wpcf7-text wpcf7-validates-as-required\" aria-required=\"true\" aria-invalid=\"false\" placeholder=\"Relaci\u00f3 amb l&#039;alumne (pare, mare, tutor\/a, etc.)\" value=\"\" type=\"text\" name=\"text-224\" \/><\/span><br \/>\n<br \/>\n<br \/>\n<b>Coses a saber de l\u2019activitat:<\/b><br \/>\n<br \/>\nS\u00f3n uns tallers pensats per a infants de 8 a 12 anys, amb ganes de viure una experi\u00e8ncia teatral intensiva al llarg de l\u2019estiu. No cal experi\u00e8ncia pr\u00e8via, nom\u00e9s ganes de passar una bona estona i aprendre molt.<br \/>\n<br \/>\nHi ha tres cicles en total, amb dues opcions de dia. Cada cicle \u00e9s d\u2019un dia i t\u00e9 una durada de dues hores.<br \/>\n<br \/>\n<b>Places limitades.<\/b><br \/>\n<br \/>\n- Interpretaci\u00f3 davant de c\u00e0mera:<br \/>\nTreballarem escenes curtes per aprendre a actuar amb naturalitat davant de la c\u00e0mera.<br \/>\n<br \/>\n- Teatre musical:<br \/>\nExpressi\u00f3 amb cos i veu a trav\u00e9s del ritme, m\u00fasica i petites escenes.<br \/>\n<br \/>\n- Improvisaci\u00f3 teatral:<br \/>\nCrearem escenes en el moment, treballant la imaginaci\u00f3, l\u2019escolta i la creativitat.<br \/>\n<br \/>\n<b>JULIOL<\/b>\n\u2022 11\/07 \u2192 Interpretaci\u00f3 davant de c\u00e0mera\n\u2022 18\/07 \u2192 Teatre musical\n\u2022 25\/07 \u2192 Improvisaci\u00f3<br \/>\n<br \/>\n<b>AGOST<\/b>\n\u2022 01\/08 \u2192 Teatre musical\n\u2022 08\/08 \u2192 Interpretaci\u00f3 davant de c\u00e0mera\n\u2022 22\/08 \u2192 Improvisaci\u00f3<br \/>\n<br \/>\n<b>ON HO FEM?<\/b><br \/>\nSant\u00e9 Pilates Estudio:\nCarrer de l'Envelat, 16 (Torredembarra)<br \/>\n<br \/>\n<b>PREUS:<\/b><br \/>\nUn cicle: 20\u20ac<br \/>\nDos cicles: 35\u20ac<br \/>\nTres cicles: 50\u20ac<br \/>\n<br \/>\n<b>EDAT:<\/b>\nPer a infants de 8 a 12 anys<br \/>\n<br \/>\n<b>DURADA:<\/b>\nCada sessi\u00f3 t\u00e9 una durada de dues hores (de 10h a 12h)<br \/>\n<br \/>\n<b>Pagament:<\/b><br \/>\nTransfer\u00e8ncia (abans d\u2019iniciar l\u2019activitat) al n\u00famero de compte: ES49 2100 1133 7402 0028 9330<br \/>\n\n<br \/>\n<b>Drets d'imagte<\/b><br \/>\n<br \/>\nAutoritzo:\n<span class=\"wpcf7-form-control-wrap\" data-name=\"checkbox-231\"><span class=\"wpcf7-form-control wpcf7-checkbox\"><span class=\"wpcf7-list-item first last\"><label><span class=\"wpcf7-list-item-label\">Si<\/span><input type=\"checkbox\" name=\"checkbox-231[]\" value=\"Si\" \/><\/label><\/span><\/span><\/span>\n<span class=\"wpcf7-form-control-wrap\" data-name=\"checkbox-232\"><span class=\"wpcf7-form-control wpcf7-checkbox\"><span class=\"wpcf7-list-item first last\"><label><span class=\"wpcf7-list-item-label\">No<\/span><input type=\"checkbox\" name=\"checkbox-232[]\" value=\"No\" \/><\/label><\/span><\/span><\/span><br \/>\n\n<br \/>\n<button class=\"wpcf7-form-control wpcf7-submit qodef-button qodef-size--normal qodef-layout--filled qodef-html--link qodef-m\" type=\"submit\"><span class=\"qodef-m-text\"><svg xmlns=\"http:\/\/www.w3.org\/2000\/svg\" xmlns:xlink=\"http:\/\/www.w3.org\/1999\/xlink\" x=\"0px\" y=\"0px\" width=\"12px\" height=\"12px\" viewBox=\"0 0 12 12\" style=\"enable-background:new 0 0 12 12;\" xml:space=\"preserve\"><g><rect y=\"5\" width=\"12\" height=\"2\"\/><rect y=\"5\" transform=\"matrix(6.123234e-17 -1 1 6.123234e-17 0 12)\" width=\"12\" height=\"2\"\/><\/g><\/svg>Envia<\/span><\/button><div class=\"wpcf7-response-output\" aria-hidden=\"true\"><\/div>\n<\/form>\n<\/div>\n<\/div>\n\t\t\t\t<\/div>\n\t\t\t\t<\/div>\n\t\t\t\t\t<\/div>\n\t\t<\/div>\n\t\t\t\t<div class=\"elementor-column elementor-col-25 elementor-top-column elementor-element elementor-element-3fb6df3\" data-id=\"3fb6df3\" data-element_type=\"column\" data-e-type=\"column\">\n\t\t\t<div class=\"elementor-widget-wrap\">\n\t\t\t\t\t\t\t<\/div>\n\t\t<\/div>\n\t\t\t\t\t<\/div>\n\t\t<\/section>\n\t\t\t\t<\/div>\n\t\t","protected":false},"excerpt":{"rendered":"<p>Formulari d&#8217;inscripci\u00f3 CICLE D\u2019ESTIU DE TEATRE CREATIU Dades de l&#8217;infant: Dades del pare, mare o tutor\/a: Grup: Dilluns de 16:30h a 17:45h (I4, I5, 1r, 2n) Dimarts de 16:30h a 17:45h (3r, 4rt, 5\u00e8, 6\u00e8) Informaci\u00f3: Coses a saber de l\u2019activitat: \u2022 Els pagaments seran mensuals i es faran abans de realitzar les classes del [&hellip;]<\/p>\n","protected":false},"author":1,"featured_media":0,"parent":0,"menu_order":0,"comment_status":"closed","ping_status":"closed","template":"","meta":{"footnotes":""},"class_list":["post-7673","page","type-page","status-publish","hentry"],"_links":{"self":[{"href":"https:\/\/kalateatre.com\/la-kala\/wp-json\/wp\/v2\/pages\/7673","targetHints":{"allow":["GET"]}}],"collection":[{"href":"https:\/\/kalateatre.com\/la-kala\/wp-json\/wp\/v2\/pages"}],"about":[{"href":"https:\/\/kalateatre.com\/la-kala\/wp-json\/wp\/v2\/types\/page"}],"author":[{"embeddable":true,"href":"https:\/\/kalateatre.com\/la-kala\/wp-json\/wp\/v2\/users\/1"}],"replies":[{"embeddable":true,"href":"https:\/\/kalateatre.com\/la-kala\/wp-json\/wp\/v2\/comments?post=7673"}],"version-history":[{"count":7,"href":"https:\/\/kalateatre.com\/la-kala\/wp-json\/wp\/v2\/pages\/7673\/revisions"}],"predecessor-version":[{"id":7681,"href":"https:\/\/kalateatre.com\/la-kala\/wp-json\/wp\/v2\/pages\/7673\/revisions\/7681"}],"wp:attachment":[{"href":"https:\/\/kalateatre.com\/la-kala\/wp-json\/wp\/v2\/media?parent=7673"}],"curies":[{"name":"wp","href":"https:\/\/api.w.org\/{rel}","templated":true}]}}